{"id":715,"date":"2023-08-26T10:48:39","date_gmt":"2023-08-26T16:48:39","guid":{"rendered":"https:\/\/maranathadm.com\/?page_id=715"},"modified":"2023-08-26T10:48:39","modified_gmt":"2023-08-26T16:48:39","slug":"paginas-web","status":"publish","type":"page","link":"https:\/\/maranathadm.com\/en\/paginas-web\/","title":{"rendered":"Websites"},"content":{"rendered":"","protected":false},"excerpt":{"rendered":"","protected":false},"author":1,"featured_media":0,"parent":0,"menu_order":0,"comment_status":"closed","ping_status":"closed","template":"","meta":{"footnotes":""},"class_list":["post-715","page","type-page","status-publish","hentry"],"yoast_head":"<!-- This site is optimized with the Yoast SEO Premium plugin v21.0 (Yoast SEO v21.0) - https:\/\/yoast.com\/wordpress\/plugins\/seo\/ -->\n<title>P\u00e1ginas Web - Maranatha Dise\u00f1os y M\u00e1s<\/title>\n<meta name=\"robots\" content=\"index, follow, max-snippet:-1, max-image-preview:large, max-video-preview:-1\" \/>\n<link rel=\"canonical\" href=\"https:\/\/maranathadm.com\/en\/paginas-web\/\" \/>\n<meta property=\"og:locale\" content=\"en_US\" \/>\n<meta property=\"og:type\" content=\"article\" \/>\n<meta property=\"og:title\" content=\"P\u00e1ginas Web\" \/>\n<meta property=\"og:url\" content=\"https:\/\/maranathadm.com\/en\/paginas-web\/\" \/>\n<meta property=\"og:site_name\" content=\"Maranatha Dise\u00f1os y M\u00e1s\" \/>\n<meta property=\"article:publisher\" content=\"https:\/\/www.facebook.com\/Maranathadisenosymas\" \/>\n<meta property=\"og:image\" content=\"https:\/\/maranathadm.com\/wp-content\/uploads\/2023\/08\/Inicio-Maranatha-Disenos-y-Mas.png\" \/>\n\t<meta property=\"og:image:width\" content=\"1349\" \/>\n\t<meta property=\"og:image:height\" content=\"619\" \/>\n\t<meta property=\"og:image:type\" content=\"image\/png\" \/>\n<meta name=\"twitter:card\" content=\"summary_large_image\" \/>\n<script type=\"application\/ld+json\" class=\"yoast-schema-graph\">{\"@context\":\"https:\/\/schema.org\",\"@graph\":[{\"@type\":\"WebPage\",\"@id\":\"https:\/\/maranathadm.com\/en\/paginas-web\/\",\"url\":\"https:\/\/maranathadm.com\/en\/paginas-web\/\",\"name\":\"P\u00e1ginas Web - Maranatha Dise\u00f1os y M\u00e1s\",\"isPartOf\":{\"@id\":\"https:\/\/maranathadm.com\/#website\"},\"datePublished\":\"2023-08-26T16:48:39+00:00\",\"dateModified\":\"2023-08-26T16:48:39+00:00\",\"breadcrumb\":{\"@id\":\"https:\/\/maranathadm.com\/en\/paginas-web\/#breadcrumb\"},\"inLanguage\":\"en-US\",\"potentialAction\":[{\"@type\":\"ReadAction\",\"target\":[\"https:\/\/maranathadm.com\/en\/paginas-web\/\"]}]},{\"@type\":\"BreadcrumbList\",\"@id\":\"https:\/\/maranathadm.com\/en\/paginas-web\/#breadcrumb\",\"itemListElement\":[{\"@type\":\"ListItem\",\"position\":1,\"name\":\"Portada\",\"item\":\"https:\/\/maranathadm.com\/\"},{\"@type\":\"ListItem\",\"position\":2,\"name\":\"P\u00e1ginas Web\"}]},{\"@type\":\"WebSite\",\"@id\":\"https:\/\/maranathadm.com\/#website\",\"url\":\"https:\/\/maranathadm.com\/\",\"name\":\"Maranatha Dise\u00f1os y M\u00e1s\",\"description\":\"Dise\u00f1o de p\u00e1ginas web, redes sociales y marketing digital\",\"publisher\":{\"@id\":\"https:\/\/maranathadm.com\/#organization\"},\"alternateName\":\"Maranatha\",\"potentialAction\":[{\"@type\":\"SearchAction\",\"target\":{\"@type\":\"EntryPoint\",\"urlTemplate\":\"https:\/\/maranathadm.com\/?s={search_term_string}\"},\"query-input\":\"required name=search_term_string\"}],\"inLanguage\":\"en-US\"},{\"@type\":[\"Organization\",\"Place\"],\"@id\":\"https:\/\/maranathadm.com\/#organization\",\"name\":\"Maranatha Dise\u00f1os y M\u00e1s\",\"alternateName\":\"Maranatha\",\"url\":\"https:\/\/maranathadm.com\/\",\"logo\":{\"@id\":\"https:\/\/maranathadm.com\/en\/paginas-web\/#local-main-organization-logo\"},\"image\":{\"@id\":\"https:\/\/maranathadm.com\/en\/paginas-web\/#local-main-organization-logo\"},\"sameAs\":[\"https:\/\/www.facebook.com\/Maranathadisenosymas\",\"https:\/\/www.youtube.com\/channel\/UC9pOqu13gUl_nqquyiCo-2g\"],\"publishingPrinciples\":\"https:\/\/maranathadm.com\/politica-de-privacidad\/\",\"actionableFeedbackPolicy\":\"https:\/\/maranathadm.com\/politica-de-privacidad\/\",\"correctionsPolicy\":\"https:\/\/maranathadm.com\/politica-de-privacidad\/\",\"ethicsPolicy\":\"https:\/\/maranathadm.com\/politica-de-privacidad\/\",\"openingHoursSpecification\":[{\"@type\":\"OpeningHoursSpecification\",\"dayOfWeek\":[\"Monday\",\"Tuesday\",\"Wednesday\",\"Thursday\",\"Friday\",\"Saturday\",\"Sunday\"],\"opens\":\"09:00\",\"closes\":\"17:00\"}]},{\"@type\":\"ImageObject\",\"inLanguage\":\"en-US\",\"@id\":\"https:\/\/maranathadm.com\/en\/paginas-web\/#local-main-organization-logo\",\"url\":\"https:\/\/maranathadm.com\/wp-content\/uploads\/2023\/05\/Logo-Maranatha.png\",\"contentUrl\":\"https:\/\/maranathadm.com\/wp-content\/uploads\/2023\/05\/Logo-Maranatha.png\",\"width\":1600,\"height\":1335,\"caption\":\"Maranatha Dise\u00f1os y M\u00e1s\"}]}<\/script>\n<!-- \/ Yoast SEO Premium plugin. -->","yoast_head_json":{"title":"P\u00e1ginas Web - Maranatha Dise\u00f1os y M\u00e1s","robots":{"index":"index","follow":"follow","max-snippet":"max-snippet:-1","max-image-preview":"max-image-preview:large","max-video-preview":"max-video-preview:-1"},"canonical":"https:\/\/maranathadm.com\/en\/paginas-web\/","og_locale":"en_US","og_type":"article","og_title":"P\u00e1ginas Web","og_url":"https:\/\/maranathadm.com\/en\/paginas-web\/","og_site_name":"Maranatha Dise\u00f1os y M\u00e1s","article_publisher":"https:\/\/www.facebook.com\/Maranathadisenosymas","og_image":[{"width":1349,"height":619,"url":"https:\/\/maranathadm.com\/wp-content\/uploads\/2023\/08\/Inicio-Maranatha-Disenos-y-Mas.png","type":"image\/png"}],"twitter_card":"summary_large_image","schema":{"@context":"https:\/\/schema.org","@graph":[{"@type":"WebPage","@id":"https:\/\/maranathadm.com\/en\/paginas-web\/","url":"https:\/\/maranathadm.com\/en\/paginas-web\/","name":"P\u00e1ginas Web - Maranatha Dise\u00f1os y M\u00e1s","isPartOf":{"@id":"https:\/\/maranathadm.com\/#website"},"datePublished":"2023-08-26T16:48:39+00:00","dateModified":"2023-08-26T16:48:39+00:00","breadcrumb":{"@id":"https:\/\/maranathadm.com\/en\/paginas-web\/#breadcrumb"},"inLanguage":"en-US","potentialAction":[{"@type":"ReadAction","target":["https:\/\/maranathadm.com\/en\/paginas-web\/"]}]},{"@type":"BreadcrumbList","@id":"https:\/\/maranathadm.com\/en\/paginas-web\/#breadcrumb","itemListElement":[{"@type":"ListItem","position":1,"name":"Portada","item":"https:\/\/maranathadm.com\/"},{"@type":"ListItem","position":2,"name":"P\u00e1ginas Web"}]},{"@type":"WebSite","@id":"https:\/\/maranathadm.com\/#website","url":"https:\/\/maranathadm.com\/","name":"Maranatha Dise\u00f1os y M\u00e1s","description":"Dise\u00f1o de p\u00e1ginas web, redes sociales y marketing digital","publisher":{"@id":"https:\/\/maranathadm.com\/#organization"},"alternateName":"Maranatha","potentialAction":[{"@type":"SearchAction","target":{"@type":"EntryPoint","urlTemplate":"https:\/\/maranathadm.com\/?s={search_term_string}"},"query-input":"required name=search_term_string"}],"inLanguage":"en-US"},{"@type":["Organization","Place"],"@id":"https:\/\/maranathadm.com\/#organization","name":"Maranatha Dise\u00f1os y M\u00e1s","alternateName":"Maranatha","url":"https:\/\/maranathadm.com\/","logo":{"@id":"https:\/\/maranathadm.com\/en\/paginas-web\/#local-main-organization-logo"},"image":{"@id":"https:\/\/maranathadm.com\/en\/paginas-web\/#local-main-organization-logo"},"sameAs":["https:\/\/www.facebook.com\/Maranathadisenosymas","https:\/\/www.youtube.com\/channel\/UC9pOqu13gUl_nqquyiCo-2g"],"publishingPrinciples":"https:\/\/maranathadm.com\/politica-de-privacidad\/","actionableFeedbackPolicy":"https:\/\/maranathadm.com\/politica-de-privacidad\/","correctionsPolicy":"https:\/\/maranathadm.com\/politica-de-privacidad\/","ethicsPolicy":"https:\/\/maranathadm.com\/politica-de-privacidad\/","openingHoursSpecification":[{"@type":"OpeningHoursSpecification","dayOfWeek":["Monday","Tuesday","Wednesday","Thursday","Friday","Saturday","Sunday"],"opens":"09:00","closes":"17:00"}]},{"@type":"ImageObject","inLanguage":"en-US","@id":"https:\/\/maranathadm.com\/en\/paginas-web\/#local-main-organization-logo","url":"https:\/\/maranathadm.com\/wp-content\/uploads\/2023\/05\/Logo-Maranatha.png","contentUrl":"https:\/\/maranathadm.com\/wp-content\/uploads\/2023\/05\/Logo-Maranatha.png","width":1600,"height":1335,"caption":"Maranatha Dise\u00f1os y M\u00e1s"}]}},"_links":{"self":[{"href":"https:\/\/maranathadm.com\/en\/wp-json\/wp\/v2\/pages\/715","targetHints":{"allow":["GET"]}}],"collection":[{"href":"https:\/\/maranathadm.com\/en\/wp-json\/wp\/v2\/pages"}],"about":[{"href":"https:\/\/maranathadm.com\/en\/wp-json\/wp\/v2\/types\/page"}],"author":[{"embeddable":true,"href":"https:\/\/maranathadm.com\/en\/wp-json\/wp\/v2\/users\/1"}],"replies":[{"embeddable":true,"href":"https:\/\/maranathadm.com\/en\/wp-json\/wp\/v2\/comments?post=715"}],"version-history":[{"count":0,"href":"https:\/\/maranathadm.com\/en\/wp-json\/wp\/v2\/pages\/715\/revisions"}],"wp:attachment":[{"href":"https:\/\/maranathadm.com\/en\/wp-json\/wp\/v2\/media?parent=715"}],"curies":[{"name":"wp","href":"https:\/\/api.w.org\/{rel}","templated":true}]}}