{"id":3,"date":"2023-05-26T13:50:33","date_gmt":"2023-05-26T19:50:33","guid":{"rendered":"http:\/\/maranathadm.com\/?page_id=3"},"modified":"2023-08-23T08:42:15","modified_gmt":"2023-08-23T14:42:15","slug":"politica-de-privacidad","status":"publish","type":"page","link":"https:\/\/maranathadm.com\/en\/politica-de-privacidad\/","title":{"rendered":"Privacy Policy"},"content":{"rendered":"<div data-elementor-type=\"wp-page\" data-elementor-id=\"3\" class=\"elementor elementor-3\" data-elementor-post-type=\"page\">\n\t\t\t\t\t\t<section class=\"elementor-section elementor-top-section elementor-element elementor-element-6bb95527 elementor-section-boxed elementor-section-height-default elementor-section-height-default\" data-id=\"6bb95527\" data-element_type=\"section\" data-e-type=\"section\" data-settings=\"{&quot;ekit_has_onepagescroll_dot&quot;:&quot;yes&quot;}\">\n\t\t\t\t\t\t<div class=\"elementor-container elementor-column-gap-default\">\n\t\t\t\t\t<div class=\"elementor-column elementor-col-100 elementor-top-column elementor-element elementor-element-5769d85a\" data-id=\"5769d85a\" data-element_type=\"column\" data-e-type=\"column\">\n\t\t\t<div class=\"elementor-widget-wrap elementor-element-populated\">\n\t\t\t\t\t\t<div class=\"elementor-element elementor-element-6d108b43 elementor-widget elementor-widget-text-editor\" data-id=\"6d108b43\" data-element_type=\"widget\" data-e-type=\"widget\" data-settings=\"{&quot;ekit_we_effect_on&quot;:&quot;none&quot;}\" data-widget_type=\"text-editor.default\">\n\t\t\t\t<div class=\"elementor-widget-container\">\n\t\t\t\t\t\t\t\t\t<p><strong>Maranatha Dise\u00f1os y M\u00e1s Privacy Policy<\/strong><\/p>\n<p>Date of last update: August 2023.<\/p>\n<ol>\n<li>\n<p><strong>Information we collect:<\/strong><\/p>\n<ul>\n<li>Information provided directly by the user (example: name, email, address).<\/li>\n<li>Information collected automatically (example: IP address, browser type, pages visited).<\/li>\n<\/ul>\n<\/li>\n<li>\n<p><strong>Use of information:<\/strong> At Maranatha Dise\u00f1os y M\u00e1s we use the information collected to:<\/p>\n<ul>\n<li>Process inquiries and design requests.<\/li>\n<li>Respond to user questions and requirements.<\/li>\n<li>Improve the browsing experience and the services offered on our website.<\/li>\n<li>Send newsletters and updates (always with the consent of the user).<\/li>\n<\/ul>\n<\/li>\n<li>\n<p><strong>Share information:<\/strong> Maranatha Dise\u00f1os y M\u00e1s agrees not to sell or share your personal information with third parties without your explicit consent, except to comply with legal obligations or to protect our rights.<\/p>\n<\/li>\n<li>\n<p><strong>Cookies:<\/strong> We use cookies to improve the user experience on our website and to collect anonymous statistics on the use of the site.<\/p>\n<\/li>\n<li>\n<p><strong>User Options:<\/strong> Each user has the right to opt out of receiving communications from us. You can modify your communication preferences in your account or follow the unsubscribe link in our emails.<\/p>\n<\/li>\n<li>\n<p><strong>Security:<\/strong> At Maranatha Dise\u00f1os y M\u00e1s, we implement security measures to protect the information you entrust to us. However, no system is 100% secure, so we cannot guarantee the total security of your information.<\/p>\n<\/li>\n<li>\n<p><strong>Changes to this policy:<\/strong> We reserve the right to update our privacy policy from time to time. We will always post changes on this page.<\/p>\n<\/li>\n<li>\n<p><strong>Contact:<\/strong> If you have questions or concerns about this privacy policy, contact us at the following email: admin@maranathadm.com<\/p>\n<\/li>\n<\/ol>\t\t\t\t\t\t\t\t<\/div>\n\t\t\t\t<\/div>\n\t\t\t\t\t<\/div>\n\t\t<\/div>\n\t\t\t\t\t<\/div>\n\t\t<\/section>\n\t\t\t\t<section class=\"elementor-section elementor-top-section elementor-element elementor-element-607ff436 elementor-section-boxed elementor-section-height-default elementor-section-height-default\" data-id=\"607ff436\" data-element_type=\"section\" data-e-type=\"section\" data-settings=\"{&quot;ekit_has_onepagescroll_dot&quot;:&quot;yes&quot;}\">\n\t\t\t\t\t\t\t<div class=\"elementor-background-overlay\"><\/div>\n\t\t\t\t\t\t\t<div class=\"elementor-container elementor-column-gap-default\">\n\t\t\t\t\t<div class=\"elementor-column elementor-col-100 elementor-top-column elementor-element elementor-element-34b584c8\" data-id=\"34b584c8\" data-element_type=\"column\" data-e-type=\"column\">\n\t\t\t<div class=\"elementor-widget-wrap\">\n\t\t\t\t\t\t\t<\/div>\n\t\t<\/div>\n\t\t\t\t\t<\/div>\n\t\t<\/section>\n\t\t\t\t<\/div>","protected":false},"excerpt":{"rendered":"<p>Pol\u00edtica de Privacidad de Maranatha Dise\u00f1os y M\u00e1s Fecha de \u00faltima actualizaci\u00f3n: Agosto del 2023. Informaci\u00f3n que recolectamos: Informaci\u00f3n proporcionada directamente por el usuario (ejemplo: nombre, correo electr\u00f3nico, direcci\u00f3n). Informaci\u00f3n recopilada autom\u00e1ticamente (ejemplo: direcci\u00f3n IP, tipo de navegador, p\u00e1ginas visitadas). Uso de la informaci\u00f3n: En Maranatha Dise\u00f1os y M\u00e1s utilizamos la informaci\u00f3n recopilada para: Procesar&#8230;<\/p>","protected":false},"author":1,"featured_media":0,"parent":0,"menu_order":0,"comment_status":"closed","ping_status":"closed","template":"elementor_canvas","meta":{"footnotes":""},"class_list":["post-3","page","type-page","status-publish","hentry"],"yoast_head":"<!-- This site is optimized with the Yoast SEO Premium plugin v21.0 (Yoast SEO v21.0) - https:\/\/yoast.com\/wordpress\/plugins\/seo\/ -->\n<title>Pol\u00edtica de privacidad - Maranatha Dise\u00f1os y M\u00e1s<\/title>\n<meta name=\"robots\" content=\"index, follow, max-snippet:-1, max-image-preview:large, max-video-preview:-1\" \/>\n<link rel=\"canonical\" href=\"https:\/\/maranathadm.com\/en\/politica-de-privacidad\/\" \/>\n<meta property=\"og:locale\" content=\"en_US\" \/>\n<meta property=\"og:type\" content=\"article\" \/>\n<meta property=\"og:title\" content=\"Pol\u00edtica de privacidad\" \/>\n<meta property=\"og:description\" content=\"Pol\u00edtica de Privacidad de Maranatha Dise\u00f1os y M\u00e1s Fecha de \u00faltima actualizaci\u00f3n: Agosto del 2023. Informaci\u00f3n que recolectamos: Informaci\u00f3n proporcionada directamente por el usuario (ejemplo: nombre, correo electr\u00f3nico, direcci\u00f3n). Informaci\u00f3n recopilada autom\u00e1ticamente (ejemplo: direcci\u00f3n IP, tipo de navegador, p\u00e1ginas visitadas). Uso de la informaci\u00f3n: En Maranatha Dise\u00f1os y M\u00e1s utilizamos la informaci\u00f3n recopilada para: Procesar...\" \/>\n<meta property=\"og:url\" content=\"https:\/\/maranathadm.com\/en\/politica-de-privacidad\/\" \/>\n<meta property=\"og:site_name\" content=\"Maranatha Dise\u00f1os y M\u00e1s\" \/>\n<meta property=\"article:publisher\" content=\"https:\/\/www.facebook.com\/Maranathadisenosymas\" \/>\n<meta property=\"article:modified_time\" content=\"2023-08-23T14:42:15+00:00\" \/>\n<meta property=\"og:image\" content=\"https:\/\/maranathadm.com\/wp-content\/uploads\/2023\/08\/Inicio-Maranatha-Disenos-y-Mas.png\" \/>\n\t<meta property=\"og:image:width\" content=\"1349\" \/>\n\t<meta property=\"og:image:height\" content=\"619\" \/>\n\t<meta property=\"og:image:type\" content=\"image\/png\" \/>\n<meta name=\"twitter:card\" content=\"summary_large_image\" \/>\n<meta name=\"twitter:label1\" content=\"Est. reading time\" \/>\n\t<meta name=\"twitter:data1\" content=\"1 minute\" \/>\n<script type=\"application\/ld+json\" class=\"yoast-schema-graph\">{\"@context\":\"https:\/\/schema.org\",\"@graph\":[{\"@type\":\"WebPage\",\"@id\":\"https:\/\/maranathadm.com\/politica-de-privacidad\/\",\"url\":\"https:\/\/maranathadm.com\/politica-de-privacidad\/\",\"name\":\"Pol\u00edtica de privacidad - Maranatha Dise\u00f1os y M\u00e1s\",\"isPartOf\":{\"@id\":\"https:\/\/maranathadm.com\/#website\"},\"datePublished\":\"2023-05-26T19:50:33+00:00\",\"dateModified\":\"2023-08-23T14:42:15+00:00\",\"breadcrumb\":{\"@id\":\"https:\/\/maranathadm.com\/politica-de-privacidad\/#breadcrumb\"},\"inLanguage\":\"en-US\",\"potentialAction\":[{\"@type\":\"ReadAction\",\"target\":[\"https:\/\/maranathadm.com\/politica-de-privacidad\/\"]}]},{\"@type\":\"BreadcrumbList\",\"@id\":\"https:\/\/maranathadm.com\/politica-de-privacidad\/#breadcrumb\",\"itemListElement\":[{\"@type\":\"ListItem\",\"position\":1,\"name\":\"Portada\",\"item\":\"https:\/\/maranathadm.com\/\"},{\"@type\":\"ListItem\",\"position\":2,\"name\":\"Pol\u00edtica de privacidad\"}]},{\"@type\":\"WebSite\",\"@id\":\"https:\/\/maranathadm.com\/#website\",\"url\":\"https:\/\/maranathadm.com\/\",\"name\":\"Maranatha Dise\u00f1os y M\u00e1s\",\"description\":\"Dise\u00f1o de p\u00e1ginas web, redes sociales y marketing digital\",\"publisher\":{\"@id\":\"https:\/\/maranathadm.com\/#organization\"},\"alternateName\":\"Maranatha\",\"potentialAction\":[{\"@type\":\"SearchAction\",\"target\":{\"@type\":\"EntryPoint\",\"urlTemplate\":\"https:\/\/maranathadm.com\/?s={search_term_string}\"},\"query-input\":\"required name=search_term_string\"}],\"inLanguage\":\"en-US\"},{\"@type\":[\"Organization\",\"Place\"],\"@id\":\"https:\/\/maranathadm.com\/#organization\",\"name\":\"Maranatha Dise\u00f1os y M\u00e1s\",\"alternateName\":\"Maranatha\",\"url\":\"https:\/\/maranathadm.com\/\",\"logo\":{\"@id\":\"https:\/\/maranathadm.com\/politica-de-privacidad\/#local-main-organization-logo\"},\"image\":{\"@id\":\"https:\/\/maranathadm.com\/politica-de-privacidad\/#local-main-organization-logo\"},\"sameAs\":[\"https:\/\/www.facebook.com\/Maranathadisenosymas\",\"https:\/\/www.youtube.com\/channel\/UC9pOqu13gUl_nqquyiCo-2g\"],\"publishingPrinciples\":\"https:\/\/maranathadm.com\/politica-de-privacidad\/\",\"actionableFeedbackPolicy\":\"https:\/\/maranathadm.com\/politica-de-privacidad\/\",\"correctionsPolicy\":\"https:\/\/maranathadm.com\/politica-de-privacidad\/\",\"ethicsPolicy\":\"https:\/\/maranathadm.com\/politica-de-privacidad\/\",\"openingHoursSpecification\":[{\"@type\":\"OpeningHoursSpecification\",\"dayOfWeek\":[\"Monday\",\"Tuesday\",\"Wednesday\",\"Thursday\",\"Friday\",\"Saturday\",\"Sunday\"],\"opens\":\"09:00\",\"closes\":\"17:00\"}]},{\"@type\":\"ImageObject\",\"inLanguage\":\"en-US\",\"@id\":\"https:\/\/maranathadm.com\/politica-de-privacidad\/#local-main-organization-logo\",\"url\":\"https:\/\/maranathadm.com\/wp-content\/uploads\/2023\/05\/Logo-Maranatha.png\",\"contentUrl\":\"https:\/\/maranathadm.com\/wp-content\/uploads\/2023\/05\/Logo-Maranatha.png\",\"width\":1600,\"height\":1335,\"caption\":\"Maranatha Dise\u00f1os y M\u00e1s\"}]}<\/script>\n<!-- \/ Yoast SEO Premium plugin. -->","yoast_head_json":{"title":"Pol\u00edtica de privacidad - Maranatha Dise\u00f1os y M\u00e1s","robots":{"index":"index","follow":"follow","max-snippet":"max-snippet:-1","max-image-preview":"max-image-preview:large","max-video-preview":"max-video-preview:-1"},"canonical":"https:\/\/maranathadm.com\/en\/politica-de-privacidad\/","og_locale":"en_US","og_type":"article","og_title":"Pol\u00edtica de privacidad","og_description":"Pol\u00edtica de Privacidad de Maranatha Dise\u00f1os y M\u00e1s Fecha de \u00faltima actualizaci\u00f3n: Agosto del 2023. Informaci\u00f3n que recolectamos: Informaci\u00f3n proporcionada directamente por el usuario (ejemplo: nombre, correo electr\u00f3nico, direcci\u00f3n). Informaci\u00f3n recopilada autom\u00e1ticamente (ejemplo: direcci\u00f3n IP, tipo de navegador, p\u00e1ginas visitadas). Uso de la informaci\u00f3n: En Maranatha Dise\u00f1os y M\u00e1s utilizamos la informaci\u00f3n recopilada para: Procesar...","og_url":"https:\/\/maranathadm.com\/en\/politica-de-privacidad\/","og_site_name":"Maranatha Dise\u00f1os y M\u00e1s","article_publisher":"https:\/\/www.facebook.com\/Maranathadisenosymas","article_modified_time":"2023-08-23T14:42:15+00:00","og_image":[{"width":1349,"height":619,"url":"https:\/\/maranathadm.com\/wp-content\/uploads\/2023\/08\/Inicio-Maranatha-Disenos-y-Mas.png","type":"image\/png"}],"twitter_card":"summary_large_image","twitter_misc":{"Est. reading time":"1 minute"},"schema":{"@context":"https:\/\/schema.org","@graph":[{"@type":"WebPage","@id":"https:\/\/maranathadm.com\/politica-de-privacidad\/","url":"https:\/\/maranathadm.com\/politica-de-privacidad\/","name":"Pol\u00edtica de privacidad - Maranatha Dise\u00f1os y M\u00e1s","isPartOf":{"@id":"https:\/\/maranathadm.com\/#website"},"datePublished":"2023-05-26T19:50:33+00:00","dateModified":"2023-08-23T14:42:15+00:00","breadcrumb":{"@id":"https:\/\/maranathadm.com\/politica-de-privacidad\/#breadcrumb"},"inLanguage":"en-US","potentialAction":[{"@type":"ReadAction","target":["https:\/\/maranathadm.com\/politica-de-privacidad\/"]}]},{"@type":"BreadcrumbList","@id":"https:\/\/maranathadm.com\/politica-de-privacidad\/#breadcrumb","itemListElement":[{"@type":"ListItem","position":1,"name":"Portada","item":"https:\/\/maranathadm.com\/"},{"@type":"ListItem","position":2,"name":"Pol\u00edtica de privacidad"}]},{"@type":"WebSite","@id":"https:\/\/maranathadm.com\/#website","url":"https:\/\/maranathadm.com\/","name":"Maranatha Dise\u00f1os y M\u00e1s","description":"Dise\u00f1o de p\u00e1ginas web, redes sociales y marketing digital","publisher":{"@id":"https:\/\/maranathadm.com\/#organization"},"alternateName":"Maranatha","potentialAction":[{"@type":"SearchAction","target":{"@type":"EntryPoint","urlTemplate":"https:\/\/maranathadm.com\/?s={search_term_string}"},"query-input":"required name=search_term_string"}],"inLanguage":"en-US"},{"@type":["Organization","Place"],"@id":"https:\/\/maranathadm.com\/#organization","name":"Maranatha Dise\u00f1os y M\u00e1s","alternateName":"Maranatha","url":"https:\/\/maranathadm.com\/","logo":{"@id":"https:\/\/maranathadm.com\/politica-de-privacidad\/#local-main-organization-logo"},"image":{"@id":"https:\/\/maranathadm.com\/politica-de-privacidad\/#local-main-organization-logo"},"sameAs":["https:\/\/www.facebook.com\/Maranathadisenosymas","https:\/\/www.youtube.com\/channel\/UC9pOqu13gUl_nqquyiCo-2g"],"publishingPrinciples":"https:\/\/maranathadm.com\/politica-de-privacidad\/","actionableFeedbackPolicy":"https:\/\/maranathadm.com\/politica-de-privacidad\/","correctionsPolicy":"https:\/\/maranathadm.com\/politica-de-privacidad\/","ethicsPolicy":"https:\/\/maranathadm.com\/politica-de-privacidad\/","openingHoursSpecification":[{"@type":"OpeningHoursSpecification","dayOfWeek":["Monday","Tuesday","Wednesday","Thursday","Friday","Saturday","Sunday"],"opens":"09:00","closes":"17:00"}]},{"@type":"ImageObject","inLanguage":"en-US","@id":"https:\/\/maranathadm.com\/politica-de-privacidad\/#local-main-organization-logo","url":"https:\/\/maranathadm.com\/wp-content\/uploads\/2023\/05\/Logo-Maranatha.png","contentUrl":"https:\/\/maranathadm.com\/wp-content\/uploads\/2023\/05\/Logo-Maranatha.png","width":1600,"height":1335,"caption":"Maranatha Dise\u00f1os y M\u00e1s"}]}},"_links":{"self":[{"href":"https:\/\/maranathadm.com\/en\/wp-json\/wp\/v2\/pages\/3","targetHints":{"allow":["GET"]}}],"collection":[{"href":"https:\/\/maranathadm.com\/en\/wp-json\/wp\/v2\/pages"}],"about":[{"href":"https:\/\/maranathadm.com\/en\/wp-json\/wp\/v2\/types\/page"}],"author":[{"embeddable":true,"href":"https:\/\/maranathadm.com\/en\/wp-json\/wp\/v2\/users\/1"}],"replies":[{"embeddable":true,"href":"https:\/\/maranathadm.com\/en\/wp-json\/wp\/v2\/comments?post=3"}],"version-history":[{"count":0,"href":"https:\/\/maranathadm.com\/en\/wp-json\/wp\/v2\/pages\/3\/revisions"}],"wp:attachment":[{"href":"https:\/\/maranathadm.com\/en\/wp-json\/wp\/v2\/media?parent=3"}],"curies":[{"name":"wp","href":"https:\/\/api.w.org\/{rel}","templated":true}]}}