{"id":101,"date":"2023-05-26T14:52:55","date_gmt":"2023-05-26T14:52:55","guid":{"rendered":"https:\/\/maranathadm.com\/?page_id=101"},"modified":"2023-08-21T17:39:04","modified_gmt":"2023-08-21T17:39:04","slug":"pie-de-pagina","status":"publish","type":"page","link":"https:\/\/maranathadm.com\/en\/pie-de-pagina\/","title":{"rendered":"Footer"},"content":{"rendered":"<div data-elementor-type=\"wp-page\" data-elementor-id=\"101\" class=\"elementor elementor-101\" data-elementor-post-type=\"page\">\n\t\t\t\t\t\t<section class=\"elementor-section elementor-top-section elementor-element elementor-element-584ebc1e elementor-section-boxed elementor-section-height-default elementor-section-height-default\" data-id=\"584ebc1e\" data-element_type=\"section\" data-e-type=\"section\" data-settings=\"{&quot;ekit_has_onepagescroll_dot&quot;:&quot;yes&quot;}\">\n\t\t\t\t\t\t\t<div class=\"elementor-background-overlay\"><\/div>\n\t\t\t\t\t\t\t<div class=\"elementor-container elementor-column-gap-default\">\n\t\t\t\t\t<div class=\"elementor-column elementor-col-100 elementor-top-column elementor-element elementor-element-432c9838\" data-id=\"432c9838\" data-element_type=\"column\" data-e-type=\"column\">\n\t\t\t<div class=\"elementor-widget-wrap elementor-element-populated\">\n\t\t\t\t\t\t<section class=\"elementor-section elementor-inner-section elementor-element elementor-element-227d7450 elementor-section-boxed elementor-section-height-default elementor-section-height-default\" data-id=\"227d7450\" data-element_type=\"section\" data-e-type=\"section\" data-settings=\"{&quot;ekit_has_onepagescroll_dot&quot;:&quot;yes&quot;}\">\n\t\t\t\t\t\t<div class=\"elementor-container elementor-column-gap-default\">\n\t\t\t\t\t<div class=\"elementor-column elementor-col-25 elementor-inner-column elementor-element elementor-element-64ed9c9b\" data-id=\"64ed9c9b\" data-element_type=\"column\" data-e-type=\"column\">\n\t\t\t<div class=\"elementor-widget-wrap elementor-element-populated\">\n\t\t\t\t\t\t<div class=\"elementor-element elementor-element-289f3381 elementor-invisible elementor-widget elementor-widget-heading\" data-id=\"289f3381\" data-element_type=\"widget\" data-e-type=\"widget\" data-settings=\"{&quot;_animation&quot;:&quot;fadeInUp&quot;,&quot;_animation_delay&quot;:200,&quot;ekit_we_effect_on&quot;:&quot;none&quot;}\" data-widget_type=\"heading.default\">\n\t\t\t\t<div class=\"elementor-widget-container\">\n\t\t\t\t\t<h4 class=\"elementor-heading-title elementor-size-default\">Services<\/h4>\t\t\t\t<\/div>\n\t\t\t\t<\/div>\n\t\t\t\t<div class=\"elementor-element elementor-element-900231f elementor-icon-list--layout-traditional elementor-list-item-link-full_width elementor-widget elementor-widget-icon-list\" data-id=\"900231f\" data-element_type=\"widget\" data-e-type=\"widget\" data-settings=\"{&quot;ekit_we_effect_on&quot;:&quot;none&quot;}\" data-widget_type=\"icon-list.default\">\n\t\t\t\t<div class=\"elementor-widget-container\">\n\t\t\t\t\t\t\t<ul class=\"elementor-icon-list-items\">\n\t\t\t\t\t\t\t<li class=\"elementor-icon-list-item\">\n\t\t\t\t\t\t\t\t\t\t\t<a href=\"#\">\n\n\t\t\t\t\t\t\t\t\t\t\t<span class=\"elementor-icon-list-text\">Web-page design<\/span>\n\t\t\t\t\t\t\t\t\t\t\t<\/a>\n\t\t\t\t\t\t\t\t\t<\/li>\n\t\t\t\t\t\t\t\t<li class=\"elementor-icon-list-item\">\n\t\t\t\t\t\t\t\t\t\t<span class=\"elementor-icon-list-text\">media production<\/span>\n\t\t\t\t\t\t\t\t\t<\/li>\n\t\t\t\t\t\t\t\t<li class=\"elementor-icon-list-item\">\n\t\t\t\t\t\t\t\t\t\t<span class=\"elementor-icon-list-text\">digital advertising<\/span>\n\t\t\t\t\t\t\t\t\t<\/li>\n\t\t\t\t\t\t\t\t<li class=\"elementor-icon-list-item\">\n\t\t\t\t\t\t\t\t\t\t<span class=\"elementor-icon-list-text\">Social Media Advertising<\/span>\n\t\t\t\t\t\t\t\t\t<\/li>\n\t\t\t\t\t\t\t\t<li class=\"elementor-icon-list-item\">\n\t\t\t\t\t\t\t\t\t\t<span class=\"elementor-icon-list-text\">logos<\/span>\n\t\t\t\t\t\t\t\t\t<\/li>\n\t\t\t\t\t\t<\/ul>\n\t\t\t\t\t\t<\/div>\n\t\t\t\t<\/div>\n\t\t\t\t\t<\/div>\n\t\t<\/div>\n\t\t\t\t<div class=\"elementor-column elementor-col-25 elementor-inner-column elementor-element elementor-element-14e8b99f\" data-id=\"14e8b99f\" data-element_type=\"column\" data-e-type=\"column\">\n\t\t\t<div class=\"elementor-widget-wrap elementor-element-populated\">\n\t\t\t\t\t\t<div class=\"elementor-element elementor-element-3cba8615 elementor-invisible elementor-widget elementor-widget-heading\" data-id=\"3cba8615\" data-element_type=\"widget\" data-e-type=\"widget\" data-settings=\"{&quot;_animation&quot;:&quot;fadeInUp&quot;,&quot;_animation_delay&quot;:200,&quot;ekit_we_effect_on&quot;:&quot;none&quot;}\" data-widget_type=\"heading.default\">\n\t\t\t\t<div class=\"elementor-widget-container\">\n\t\t\t\t\t<h4 class=\"elementor-heading-title elementor-size-default\">About us<\/h4>\t\t\t\t<\/div>\n\t\t\t\t<\/div>\n\t\t\t\t<div class=\"elementor-element elementor-element-596ddbb elementor-list-item-link-full_width elementor-widget elementor-widget-icon-list\" data-id=\"596ddbb\" data-element_type=\"widget\" data-e-type=\"widget\" data-settings=\"{&quot;ekit_we_effect_on&quot;:&quot;none&quot;}\" data-widget_type=\"icon-list.default\">\n\t\t\t\t<div class=\"elementor-widget-container\">\n\t\t\t\t\t\t\t<ul class=\"elementor-icon-list-items\">\n\t\t\t\t\t\t\t<li class=\"elementor-icon-list-item\">\n\t\t\t\t\t\t\t\t\t\t<span class=\"elementor-icon-list-text\">Privacy Policy<\/span>\n\t\t\t\t\t\t\t\t\t<\/li>\n\t\t\t\t\t\t\t\t<li class=\"elementor-icon-list-item\">\n\t\t\t\t\t\t\t\t\t\t<span class=\"elementor-icon-list-text\">Our Company<\/span>\n\t\t\t\t\t\t\t\t\t<\/li>\n\t\t\t\t\t\t\t\t<li class=\"elementor-icon-list-item\">\n\t\t\t\t\t\t\t\t\t\t<span class=\"elementor-icon-list-text\">Blog<\/span>\n\t\t\t\t\t\t\t\t\t<\/li>\n\t\t\t\t\t\t<\/ul>\n\t\t\t\t\t\t<\/div>\n\t\t\t\t<\/div>\n\t\t\t\t\t<\/div>\n\t\t<\/div>\n\t\t\t\t<div class=\"elementor-column elementor-col-25 elementor-inner-column elementor-element elementor-element-7b4418c3\" data-id=\"7b4418c3\" data-element_type=\"column\" data-e-type=\"column\">\n\t\t\t<div class=\"elementor-widget-wrap elementor-element-populated\">\n\t\t\t\t\t\t<div class=\"elementor-element elementor-element-3c88ba33 elementor-invisible elementor-widget elementor-widget-heading\" data-id=\"3c88ba33\" data-element_type=\"widget\" data-e-type=\"widget\" data-settings=\"{&quot;_animation&quot;:&quot;fadeInUp&quot;,&quot;_animation_delay&quot;:200,&quot;ekit_we_effect_on&quot;:&quot;none&quot;}\" data-widget_type=\"heading.default\">\n\t\t\t\t<div class=\"elementor-widget-container\">\n\t\t\t\t\t<h4 class=\"elementor-heading-title elementor-size-default\">Contact Us<\/h4>\t\t\t\t<\/div>\n\t\t\t\t<\/div>\n\t\t\t\t<div class=\"elementor-element elementor-element-6b94fd91 elementor-icon-list--layout-traditional elementor-list-item-link-full_width elementor-widget elementor-widget-icon-list\" data-id=\"6b94fd91\" data-element_type=\"widget\" data-e-type=\"widget\" data-settings=\"{&quot;ekit_we_effect_on&quot;:&quot;none&quot;}\" data-widget_type=\"icon-list.default\">\n\t\t\t\t<div class=\"elementor-widget-container\">\n\t\t\t\t\t\t\t<ul class=\"elementor-icon-list-items\">\n\t\t\t\t\t\t\t<li class=\"elementor-icon-list-item\">\n\t\t\t\t\t\t\t\t\t\t<span class=\"elementor-icon-list-text\">Customer Support<\/span>\n\t\t\t\t\t\t\t\t\t<\/li>\n\t\t\t\t\t\t<\/ul>\n\t\t\t\t\t\t<\/div>\n\t\t\t\t<\/div>\n\t\t\t\t\t<\/div>\n\t\t<\/div>\n\t\t\t\t<div class=\"elementor-column elementor-col-25 elementor-inner-column elementor-element elementor-element-110bc0f9\" data-id=\"110bc0f9\" data-element_type=\"column\" data-e-type=\"column\">\n\t\t\t<div class=\"elementor-widget-wrap elementor-element-populated\">\n\t\t\t\t\t\t<div class=\"elementor-element elementor-element-7e92ac2 elementor-invisible elementor-widget elementor-widget-heading\" data-id=\"7e92ac2\" data-element_type=\"widget\" data-e-type=\"widget\" data-settings=\"{&quot;_animation&quot;:&quot;fadeInUp&quot;,&quot;_animation_delay&quot;:200,&quot;ekit_we_effect_on&quot;:&quot;none&quot;}\" data-widget_type=\"heading.default\">\n\t\t\t\t<div class=\"elementor-widget-container\">\n\t\t\t\t\t<h4 class=\"elementor-heading-title elementor-size-default\">Contact Us<\/h4>\t\t\t\t<\/div>\n\t\t\t\t<\/div>\n\t\t\t\t<div class=\"elementor-element elementor-element-95f2a74 elementor-icon-list--layout-traditional elementor-list-item-link-full_width elementor-widget elementor-widget-icon-list\" data-id=\"95f2a74\" data-element_type=\"widget\" data-e-type=\"widget\" data-settings=\"{&quot;ekit_we_effect_on&quot;:&quot;none&quot;}\" data-widget_type=\"icon-list.default\">\n\t\t\t\t<div class=\"elementor-widget-container\">\n\t\t\t\t\t\t\t<ul class=\"elementor-icon-list-items\">\n\t\t\t\t\t\t\t<li class=\"elementor-icon-list-item\">\n\t\t\t\t\t\t\t\t\t\t<span class=\"elementor-icon-list-text\">Customer Support<\/span>\n\t\t\t\t\t\t\t\t\t<\/li>\n\t\t\t\t\t\t<\/ul>\n\t\t\t\t\t\t<\/div>\n\t\t\t\t<\/div>\n\t\t\t\t\t<\/div>\n\t\t<\/div>\n\t\t\t\t\t<\/div>\n\t\t<\/section>\n\t\t\t\t<div class=\"elementor-element elementor-element-7bdd51f0 elementor-widget-divider--view-line elementor-widget elementor-widget-divider\" data-id=\"7bdd51f0\" data-element_type=\"widget\" data-e-type=\"widget\" data-settings=\"{&quot;ekit_we_effect_on&quot;:&quot;none&quot;}\" data-widget_type=\"divider.default\">\n\t\t\t\t<div class=\"elementor-widget-container\">\n\t\t\t\t\t\t\t<div class=\"elementor-divider\">\n\t\t\t<span class=\"elementor-divider-separator\">\n\t\t\t\t\t\t<\/span>\n\t\t<\/div>\n\t\t\t\t\t\t<\/div>\n\t\t\t\t<\/div>\n\t\t\t\t<section class=\"elementor-section elementor-inner-section elementor-element elementor-element-20eec1ac elementor-section-boxed elementor-section-height-default elementor-section-height-default\" data-id=\"20eec1ac\" data-element_type=\"section\" data-e-type=\"section\" data-settings=\"{&quot;ekit_has_onepagescroll_dot&quot;:&quot;yes&quot;}\">\n\t\t\t\t\t\t<div class=\"elementor-container elementor-column-gap-default\">\n\t\t\t\t\t<div class=\"elementor-column elementor-col-50 elementor-inner-column elementor-element elementor-element-589cd50b\" data-id=\"589cd50b\" data-element_type=\"column\" data-e-type=\"column\">\n\t\t\t<div class=\"elementor-widget-wrap elementor-element-populated\">\n\t\t\t\t\t\t<div class=\"elementor-element elementor-element-53ada807 elementor-widget elementor-widget-image\" data-id=\"53ada807\" data-element_type=\"widget\" data-e-type=\"widget\" data-settings=\"{&quot;ekit_we_effect_on&quot;:&quot;none&quot;}\" data-widget_type=\"image.default\">\n\t\t\t\t<div class=\"elementor-widget-container\">\n\t\t\t\t\t\t\t\t\t\t\t\t\t\t\t<img fetchpriority=\"high\" decoding=\"async\" width=\"800\" height=\"668\" src=\"https:\/\/maranathadm.com\/wp-content\/uploads\/2023\/05\/MDM-01-1024x855.png\" class=\"attachment-large size-large wp-image-122\" alt=\"\" srcset=\"https:\/\/maranathadm.com\/wp-content\/uploads\/2023\/05\/MDM-01-1024x855.png 1024w, https:\/\/maranathadm.com\/wp-content\/uploads\/2023\/05\/MDM-01-300x250.png 300w, https:\/\/maranathadm.com\/wp-content\/uploads\/2023\/05\/MDM-01-768x641.png 768w, https:\/\/maranathadm.com\/wp-content\/uploads\/2023\/05\/MDM-01-1536x1282.png 1536w, https:\/\/maranathadm.com\/wp-content\/uploads\/2023\/05\/MDM-01-2048x1709.png 2048w\" sizes=\"(max-width: 800px) 100vw, 800px\" \/>\t\t\t\t\t\t\t\t\t\t\t\t\t\t\t<\/div>\n\t\t\t\t<\/div>\n\t\t\t\t\t<\/div>\n\t\t<\/div>\n\t\t\t\t<div class=\"elementor-column elementor-col-50 elementor-inner-column elementor-element elementor-element-1e7d544c\" data-id=\"1e7d544c\" data-element_type=\"column\" data-e-type=\"column\">\n\t\t\t<div class=\"elementor-widget-wrap elementor-element-populated\">\n\t\t\t\t\t\t<div class=\"elementor-element elementor-element-e9cde0e e-grid-align-right elementor-shape-rounded elementor-grid-0 elementor-widget elementor-widget-social-icons\" data-id=\"e9cde0e\" data-element_type=\"widget\" data-e-type=\"widget\" data-settings=\"{&quot;ekit_we_effect_on&quot;:&quot;none&quot;}\" data-widget_type=\"social-icons.default\">\n\t\t\t\t<div class=\"elementor-widget-container\">\n\t\t\t\t\t\t\t<div class=\"elementor-social-icons-wrapper elementor-grid\" role=\"list\">\n\t\t\t\t\t\t\t<span class=\"elementor-grid-item\" role=\"listitem\">\n\t\t\t\t\t<a class=\"elementor-icon elementor-social-icon elementor-social-icon-facebook-f elementor-repeater-item-3dd6f53\" target=\"_blank\">\n\t\t\t\t\t\t<span class=\"elementor-screen-only\">facebook-f<\/span>\n\t\t\t\t\t\t<i aria-hidden=\"true\" class=\"fab fa-facebook-f\"><\/i>\t\t\t\t\t<\/a>\n\t\t\t\t<\/span>\n\t\t\t\t\t\t\t<span class=\"elementor-grid-item\" role=\"listitem\">\n\t\t\t\t\t<a class=\"elementor-icon elementor-social-icon elementor-social-icon-youtube elementor-repeater-item-ec714da\" target=\"_blank\">\n\t\t\t\t\t\t<span class=\"elementor-screen-only\">Youtube<\/span>\n\t\t\t\t\t\t<i aria-hidden=\"true\" class=\"fab fa-youtube\"><\/i>\t\t\t\t\t<\/a>\n\t\t\t\t<\/span>\n\t\t\t\t\t\t\t<span class=\"elementor-grid-item\" role=\"listitem\">\n\t\t\t\t\t<a class=\"elementor-icon elementor-social-icon elementor-social-icon-instagram elementor-repeater-item-8265ae2\" target=\"_blank\">\n\t\t\t\t\t\t<span class=\"elementor-screen-only\">instagram<\/span>\n\t\t\t\t\t\t<i aria-hidden=\"true\" class=\"fab fa-instagram\"><\/i>\t\t\t\t\t<\/a>\n\t\t\t\t<\/span>\n\t\t\t\t\t<\/div>\n\t\t\t\t\t\t<\/div>\n\t\t\t\t<\/div>\n\t\t\t\t\t<\/div>\n\t\t<\/div>\n\t\t\t\t\t<\/div>\n\t\t<\/section>\n\t\t\t\t\t<\/div>\n\t\t<\/div>\n\t\t\t\t\t<\/div>\n\t\t<\/section>\n\t\t\t\t<section class=\"elementor-section elementor-top-section elementor-element elementor-element-16d0bffa elementor-section-boxed elementor-section-height-default elementor-section-height-default\" data-id=\"16d0bffa\" data-element_type=\"section\" data-e-type=\"section\" data-settings=\"{&quot;background_background&quot;:&quot;classic&quot;,&quot;ekit_has_onepagescroll_dot&quot;:&quot;yes&quot;}\">\n\t\t\t\t\t\t<div class=\"elementor-container elementor-column-gap-default\">\n\t\t\t\t\t<div class=\"elementor-column elementor-col-100 elementor-top-column elementor-element elementor-element-4d7ef380\" data-id=\"4d7ef380\" data-element_type=\"column\" data-e-type=\"column\">\n\t\t\t<div class=\"elementor-widget-wrap elementor-element-populated\">\n\t\t\t\t\t\t<div class=\"elementor-element elementor-element-67295455 elementor-widget elementor-widget-heading\" data-id=\"67295455\" data-element_type=\"widget\" data-e-type=\"widget\" data-settings=\"{&quot;ekit_we_effect_on&quot;:&quot;none&quot;}\" data-widget_type=\"heading.default\">\n\t\t\t\t<div class=\"elementor-widget-container\">\n\t\t\t\t\t<h6 class=\"elementor-heading-title elementor-size-default\"><a href=\"#\">\u00a9 2023, Maranatha Designs and More. All rights reserved<\/a><\/h6>\t\t\t\t<\/div>\n\t\t\t\t<\/div>\n\t\t\t\t\t<\/div>\n\t\t<\/div>\n\t\t\t\t\t<\/div>\n\t\t<\/section>\n\t\t\t\t<\/div>","protected":false},"excerpt":{"rendered":"<p>Servicios Dise\u00f1o de p\u00e1ginas web Producci\u00f3n de media Publicidad digital Publicidad en redes sociales Logotipos Sobre Nosotros Pol\u00edtica de privacidad Nosotros Blog Cont\u00e1ctenos Atenci\u00f3n al cliente Cont\u00e1ctenos Atenci\u00f3n al cliente Facebook-f Youtube Instagram \u00a9 2023, Maranatha Dise\u00f1os y M\u00e1s. Todos los derechos reservados<\/p>","protected":false},"author":1,"featured_media":0,"parent":0,"menu_order":0,"comment_status":"closed","ping_status":"closed","template":"elementor_canvas","meta":{"footnotes":""},"class_list":["post-101","page","type-page","status-publish","hentry"],"yoast_head":"<!-- This site is optimized with the Yoast SEO Premium plugin v21.0 (Yoast SEO v21.0) - https:\/\/yoast.com\/wordpress\/plugins\/seo\/ -->\n<title>Pie de P\u00e1gina - Maranatha Dise\u00f1os y M\u00e1s<\/title>\n<meta name=\"robots\" content=\"index, follow, max-snippet:-1, max-image-preview:large, max-video-preview:-1\" \/>\n<link rel=\"canonical\" href=\"https:\/\/maranathadm.com\/en\/pie-de-pagina\/\" \/>\n<meta property=\"og:locale\" content=\"en_US\" \/>\n<meta property=\"og:type\" content=\"article\" \/>\n<meta property=\"og:title\" content=\"Pie de P\u00e1gina\" \/>\n<meta property=\"og:description\" content=\"Servicios Dise\u00f1o de p\u00e1ginas web Producci\u00f3n de media Publicidad digital Publicidad en redes sociales Logotipos Sobre Nosotros Pol\u00edtica de privacidad Nosotros Blog Cont\u00e1ctenos Atenci\u00f3n al cliente Cont\u00e1ctenos Atenci\u00f3n al cliente Facebook-f Youtube Instagram \u00a9 2023, Maranatha Dise\u00f1os y M\u00e1s. Todos los derechos reservados\" \/>\n<meta property=\"og:url\" content=\"https:\/\/maranathadm.com\/en\/pie-de-pagina\/\" \/>\n<meta property=\"og:site_name\" content=\"Maranatha Dise\u00f1os y M\u00e1s\" \/>\n<meta property=\"article:publisher\" content=\"https:\/\/www.facebook.com\/Maranathadisenosymas\" \/>\n<meta property=\"article:modified_time\" content=\"2023-08-21T17:39:04+00:00\" \/>\n<meta property=\"og:image\" content=\"http:\/\/maranathadm.com\/wp-content\/uploads\/2023\/05\/MDM-01-1024x855.png\" \/>\n<meta name=\"twitter:card\" content=\"summary_large_image\" \/>\n<script type=\"application\/ld+json\" class=\"yoast-schema-graph\">{\"@context\":\"https:\/\/schema.org\",\"@graph\":[{\"@type\":\"WebPage\",\"@id\":\"https:\/\/maranathadm.com\/pie-de-pagina\/\",\"url\":\"https:\/\/maranathadm.com\/pie-de-pagina\/\",\"name\":\"Pie de P\u00e1gina - Maranatha Dise\u00f1os y M\u00e1s\",\"isPartOf\":{\"@id\":\"https:\/\/maranathadm.com\/#website\"},\"datePublished\":\"2023-05-26T14:52:55+00:00\",\"dateModified\":\"2023-08-21T17:39:04+00:00\",\"breadcrumb\":{\"@id\":\"https:\/\/maranathadm.com\/pie-de-pagina\/#breadcrumb\"},\"inLanguage\":\"en-US\",\"potentialAction\":[{\"@type\":\"ReadAction\",\"target\":[\"https:\/\/maranathadm.com\/pie-de-pagina\/\"]}]},{\"@type\":\"BreadcrumbList\",\"@id\":\"https:\/\/maranathadm.com\/pie-de-pagina\/#breadcrumb\",\"itemListElement\":[{\"@type\":\"ListItem\",\"position\":1,\"name\":\"Portada\",\"item\":\"https:\/\/maranathadm.com\/\"},{\"@type\":\"ListItem\",\"position\":2,\"name\":\"Pie de P\u00e1gina\"}]},{\"@type\":\"WebSite\",\"@id\":\"https:\/\/maranathadm.com\/#website\",\"url\":\"https:\/\/maranathadm.com\/\",\"name\":\"Maranatha Dise\u00f1os y M\u00e1s\",\"description\":\"Dise\u00f1o de p\u00e1ginas web, redes sociales y marketing digital\",\"publisher\":{\"@id\":\"https:\/\/maranathadm.com\/#organization\"},\"alternateName\":\"Maranatha\",\"potentialAction\":[{\"@type\":\"SearchAction\",\"target\":{\"@type\":\"EntryPoint\",\"urlTemplate\":\"https:\/\/maranathadm.com\/?s={search_term_string}\"},\"query-input\":\"required name=search_term_string\"}],\"inLanguage\":\"en-US\"},{\"@type\":[\"Organization\",\"Place\"],\"@id\":\"https:\/\/maranathadm.com\/#organization\",\"name\":\"Maranatha Dise\u00f1os y M\u00e1s\",\"alternateName\":\"Maranatha\",\"url\":\"https:\/\/maranathadm.com\/\",\"logo\":{\"@id\":\"https:\/\/maranathadm.com\/pie-de-pagina\/#local-main-organization-logo\"},\"image\":{\"@id\":\"https:\/\/maranathadm.com\/pie-de-pagina\/#local-main-organization-logo\"},\"sameAs\":[\"https:\/\/www.facebook.com\/Maranathadisenosymas\",\"https:\/\/www.youtube.com\/channel\/UC9pOqu13gUl_nqquyiCo-2g\"],\"publishingPrinciples\":\"https:\/\/maranathadm.com\/politica-de-privacidad\/\",\"actionableFeedbackPolicy\":\"https:\/\/maranathadm.com\/politica-de-privacidad\/\",\"correctionsPolicy\":\"https:\/\/maranathadm.com\/politica-de-privacidad\/\",\"ethicsPolicy\":\"https:\/\/maranathadm.com\/politica-de-privacidad\/\",\"openingHoursSpecification\":[{\"@type\":\"OpeningHoursSpecification\",\"dayOfWeek\":[\"Monday\",\"Tuesday\",\"Wednesday\",\"Thursday\",\"Friday\",\"Saturday\",\"Sunday\"],\"opens\":\"09:00\",\"closes\":\"17:00\"}]},{\"@type\":\"ImageObject\",\"inLanguage\":\"en-US\",\"@id\":\"https:\/\/maranathadm.com\/pie-de-pagina\/#local-main-organization-logo\",\"url\":\"https:\/\/maranathadm.com\/wp-content\/uploads\/2023\/05\/Logo-Maranatha.png\",\"contentUrl\":\"https:\/\/maranathadm.com\/wp-content\/uploads\/2023\/05\/Logo-Maranatha.png\",\"width\":1600,\"height\":1335,\"caption\":\"Maranatha Dise\u00f1os y M\u00e1s\"}]}<\/script>\n<!-- \/ Yoast SEO Premium plugin. -->","yoast_head_json":{"title":"Pie de P\u00e1gina - Maranatha Dise\u00f1os y M\u00e1s","robots":{"index":"index","follow":"follow","max-snippet":"max-snippet:-1","max-image-preview":"max-image-preview:large","max-video-preview":"max-video-preview:-1"},"canonical":"https:\/\/maranathadm.com\/en\/pie-de-pagina\/","og_locale":"en_US","og_type":"article","og_title":"Pie de P\u00e1gina","og_description":"Servicios Dise\u00f1o de p\u00e1ginas web Producci\u00f3n de media Publicidad digital Publicidad en redes sociales Logotipos Sobre Nosotros Pol\u00edtica de privacidad Nosotros Blog Cont\u00e1ctenos Atenci\u00f3n al cliente Cont\u00e1ctenos Atenci\u00f3n al cliente Facebook-f Youtube Instagram \u00a9 2023, Maranatha Dise\u00f1os y M\u00e1s. Todos los derechos reservados","og_url":"https:\/\/maranathadm.com\/en\/pie-de-pagina\/","og_site_name":"Maranatha Dise\u00f1os y M\u00e1s","article_publisher":"https:\/\/www.facebook.com\/Maranathadisenosymas","article_modified_time":"2023-08-21T17:39:04+00:00","og_image":[{"url":"http:\/\/maranathadm.com\/wp-content\/uploads\/2023\/05\/MDM-01-1024x855.png"}],"twitter_card":"summary_large_image","schema":{"@context":"https:\/\/schema.org","@graph":[{"@type":"WebPage","@id":"https:\/\/maranathadm.com\/pie-de-pagina\/","url":"https:\/\/maranathadm.com\/pie-de-pagina\/","name":"Pie de P\u00e1gina - Maranatha Dise\u00f1os y M\u00e1s","isPartOf":{"@id":"https:\/\/maranathadm.com\/#website"},"datePublished":"2023-05-26T14:52:55+00:00","dateModified":"2023-08-21T17:39:04+00:00","breadcrumb":{"@id":"https:\/\/maranathadm.com\/pie-de-pagina\/#breadcrumb"},"inLanguage":"en-US","potentialAction":[{"@type":"ReadAction","target":["https:\/\/maranathadm.com\/pie-de-pagina\/"]}]},{"@type":"BreadcrumbList","@id":"https:\/\/maranathadm.com\/pie-de-pagina\/#breadcrumb","itemListElement":[{"@type":"ListItem","position":1,"name":"Portada","item":"https:\/\/maranathadm.com\/"},{"@type":"ListItem","position":2,"name":"Pie de P\u00e1gina"}]},{"@type":"WebSite","@id":"https:\/\/maranathadm.com\/#website","url":"https:\/\/maranathadm.com\/","name":"Maranatha Dise\u00f1os y M\u00e1s","description":"Dise\u00f1o de p\u00e1ginas web, redes sociales y marketing digital","publisher":{"@id":"https:\/\/maranathadm.com\/#organization"},"alternateName":"Maranatha","potentialAction":[{"@type":"SearchAction","target":{"@type":"EntryPoint","urlTemplate":"https:\/\/maranathadm.com\/?s={search_term_string}"},"query-input":"required name=search_term_string"}],"inLanguage":"en-US"},{"@type":["Organization","Place"],"@id":"https:\/\/maranathadm.com\/#organization","name":"Maranatha Dise\u00f1os y M\u00e1s","alternateName":"Maranatha","url":"https:\/\/maranathadm.com\/","logo":{"@id":"https:\/\/maranathadm.com\/pie-de-pagina\/#local-main-organization-logo"},"image":{"@id":"https:\/\/maranathadm.com\/pie-de-pagina\/#local-main-organization-logo"},"sameAs":["https:\/\/www.facebook.com\/Maranathadisenosymas","https:\/\/www.youtube.com\/channel\/UC9pOqu13gUl_nqquyiCo-2g"],"publishingPrinciples":"https:\/\/maranathadm.com\/politica-de-privacidad\/","actionableFeedbackPolicy":"https:\/\/maranathadm.com\/politica-de-privacidad\/","correctionsPolicy":"https:\/\/maranathadm.com\/politica-de-privacidad\/","ethicsPolicy":"https:\/\/maranathadm.com\/politica-de-privacidad\/","openingHoursSpecification":[{"@type":"OpeningHoursSpecification","dayOfWeek":["Monday","Tuesday","Wednesday","Thursday","Friday","Saturday","Sunday"],"opens":"09:00","closes":"17:00"}]},{"@type":"ImageObject","inLanguage":"en-US","@id":"https:\/\/maranathadm.com\/pie-de-pagina\/#local-main-organization-logo","url":"https:\/\/maranathadm.com\/wp-content\/uploads\/2023\/05\/Logo-Maranatha.png","contentUrl":"https:\/\/maranathadm.com\/wp-content\/uploads\/2023\/05\/Logo-Maranatha.png","width":1600,"height":1335,"caption":"Maranatha Dise\u00f1os y M\u00e1s"}]}},"_links":{"self":[{"href":"https:\/\/maranathadm.com\/en\/wp-json\/wp\/v2\/pages\/101","targetHints":{"allow":["GET"]}}],"collection":[{"href":"https:\/\/maranathadm.com\/en\/wp-json\/wp\/v2\/pages"}],"about":[{"href":"https:\/\/maranathadm.com\/en\/wp-json\/wp\/v2\/types\/page"}],"author":[{"embeddable":true,"href":"https:\/\/maranathadm.com\/en\/wp-json\/wp\/v2\/users\/1"}],"replies":[{"embeddable":true,"href":"https:\/\/maranathadm.com\/en\/wp-json\/wp\/v2\/comments?post=101"}],"version-history":[{"count":0,"href":"https:\/\/maranathadm.com\/en\/wp-json\/wp\/v2\/pages\/101\/revisions"}],"wp:attachment":[{"href":"https:\/\/maranathadm.com\/en\/wp-json\/wp\/v2\/media?parent=101"}],"curies":[{"name":"wp","href":"https:\/\/api.w.org\/{rel}","templated":true}]}}